{"id":7,"date":"2025-10-26T00:45:59","date_gmt":"2025-10-25T22:45:59","guid":{"rendered":"https:\/\/dariusz.dfirma.pl\/?page_id=7"},"modified":"2025-12-11T19:36:33","modified_gmt":"2025-12-11T18:36:33","slug":"dariuszbaraniewicz","status":"publish","type":"page","link":"https:\/\/baraniewicz.dev\/","title":{"rendered":"DariuszBaraniewicz"},"content":{"rendered":"<p>[et_pb_section fb_built=&#8221;1&#8243; _builder_version=&#8221;4.27.4&#8243; _module_preset=&#8221;default&#8221; custom_padding=&#8221;||15px|||&#8221; global_colors_info=&#8221;{}&#8221;][et_pb_row column_structure=&#8221;3_5,2_5&#8243; _builder_version=&#8221;4.27.4&#8243; _module_preset=&#8221;default&#8221; custom_padding=&#8221;||16px|||&#8221; global_colors_info=&#8221;{}&#8221;][et_pb_column type=&#8221;3_5&#8243; _builder_version=&#8221;4.27.4&#8243; _module_preset=&#8221;default&#8221; global_colors_info=&#8221;{}&#8221;][et_pb_heading title=&#8221;Dariusz Baraniewicz&#8221; _builder_version=&#8221;4.27.4&#8243; _module_preset=&#8221;default&#8221; title_font=&#8221;Abel|700|||||||&#8221; title_font_size=&#8221;44px&#8221; custom_margin=&#8221;||-4px|||&#8221; global_colors_info=&#8221;{}&#8221;][\/et_pb_heading][et_pb_text _builder_version=&#8221;4.27.4&#8243; _module_preset=&#8221;default&#8221; text_font=&#8221;||||||||&#8221; text_font_size=&#8221;18px&#8221; text_line_height=&#8221;1.9em&#8221; header_2_font_size=&#8221;15px&#8221; header_2_line_height=&#8221;2em&#8221; global_colors_info=&#8221;{}&#8221;]<\/p>\n<h2>Full-Stack Developer<br \/>PHP + Flutter + Hardware Integration<\/h2>\n<p><strong>15 lat do\u015bwiadczenia<\/strong>. Buduj\u0119 rozwi\u0105zania od backendu przez mobile po integracje z hardware.<br \/>Pracowa\u0142em dla Knapp\/Austria, HLDisplay, w grupie city-service,\u00a0 system\u00f3w retail i magazynowych.<br \/>Obecnie szukam d\u0142ugoterminowej wsp\u00f3\u0142pracy w stabilnym zespole oraz wykonuj\u0119 zlecenia z zakresu moich us\u0142ug.<\/p>\n<p>&nbsp;<\/p>\n<p>[\/et_pb_text][\/et_pb_column][et_pb_column type=&#8221;2_5&#8243; _builder_version=&#8221;4.27.4&#8243; _module_preset=&#8221;default&#8221; global_colors_info=&#8221;{}&#8221;][et_pb_image src=&#8221;http:\/\/baraniewicz.dev\/wp-content\/uploads\/2025\/10\/Gemini_Generated_Image_2qp6lw2qp6lw2qp6-e1764109410532.png&#8221; title_text=&#8221;dariusz_baraniewicz&#8221; _builder_version=&#8221;4.27.4&#8243; _module_preset=&#8221;default&#8221; global_colors_info=&#8221;{}&#8221;][\/et_pb_image][\/et_pb_column][\/et_pb_row][\/et_pb_section][et_pb_section fb_built=&#8221;1&#8243; _builder_version=&#8221;4.27.4&#8243; _module_preset=&#8221;default&#8221; background_color=&#8221;#F8F9FA&#8221; custom_padding=&#8221;5px||15px|||&#8221; box_shadow_style=&#8221;preset3&#8243; box_shadow_blur=&#8221;19px&#8221; box_shadow_spread=&#8221;-22px&#8221; global_colors_info=&#8221;{}&#8221;][et_pb_row column_structure=&#8221;1_4,1_4,1_4,1_4&#8243; _builder_version=&#8221;4.27.4&#8243; _module_preset=&#8221;default&#8221; global_colors_info=&#8221;{}&#8221;][et_pb_column type=&#8221;1_4&#8243; _builder_version=&#8221;4.27.4&#8243; _module_preset=&#8221;default&#8221; global_colors_info=&#8221;{}&#8221;][et_pb_number_counter title=&#8221;Lat do\u015bwiadczenia&#8221; number=&#8221;15&#8243; percent_sign=&#8221;off&#8221; _builder_version=&#8221;4.27.4&#8243; _module_preset=&#8221;default&#8221; global_colors_info=&#8221;{}&#8221;][\/et_pb_number_counter][\/et_pb_column][et_pb_column type=&#8221;1_4&#8243; _builder_version=&#8221;4.27.4&#8243; _module_preset=&#8221;default&#8221; global_colors_info=&#8221;{}&#8221;][et_pb_number_counter title=&#8221;Zrealizowanych projekt\u00f3w&#8221; number=&#8221;50&#8243; percent_sign=&#8221;off&#8221; _builder_version=&#8221;4.27.4&#8243; _module_preset=&#8221;default&#8221; number_text_color=&#8221;#E91E8C&#8221; global_colors_info=&#8221;{}&#8221;][\/et_pb_number_counter][\/et_pb_column][et_pb_column type=&#8221;1_4&#8243; _builder_version=&#8221;4.27.4&#8243; _module_preset=&#8221;default&#8221; global_colors_info=&#8221;{}&#8221;][et_pb_number_counter title=&#8221;R\u00f3\u017cnych technologii&#8221; number=&#8221;12&#8243; percent_sign=&#8221;off&#8221; _builder_version=&#8221;4.27.4&#8243; _module_preset=&#8221;default&#8221; number_text_color=&#8221;#1B3A57&#8243; global_colors_info=&#8221;{}&#8221;][\/et_pb_number_counter][\/et_pb_column][et_pb_column type=&#8221;1_4&#8243; _builder_version=&#8221;4.27.4&#8243; _module_preset=&#8221;default&#8221; global_colors_info=&#8221;{}&#8221;][et_pb_number_counter title=&#8221;Kraje (Polska, Austria, Holandia, W\u0142ochy, UK)&#8221; number=&#8221;5&#8243; percent_sign=&#8221;off&#8221; _builder_version=&#8221;4.27.4&#8243; _module_preset=&#8221;default&#8221; number_text_color=&#8221;#E09900&#8243; global_colors_info=&#8221;{}&#8221;][\/et_pb_number_counter][\/et_pb_column][\/et_pb_row][\/et_pb_section][et_pb_section fb_built=&#8221;1&#8243; _builder_version=&#8221;4.27.4&#8243; _module_preset=&#8221;default&#8221; use_background_color_gradient=&#8221;on&#8221; background_color_gradient_stops=&#8221;#f8f9fa 0%|rgba(247, 234, 242, 1) 93%|rgba(233,30,140,0.18) 100%&#8221; custom_padding=&#8221;32px|||||&#8221; global_colors_info=&#8221;{}&#8221;][et_pb_row column_structure=&#8221;3_5,2_5&#8243; _builder_version=&#8221;4.27.4&#8243; _module_preset=&#8221;default&#8221; global_colors_info=&#8221;{}&#8221;][et_pb_column type=&#8221;3_5&#8243; _builder_version=&#8221;4.27.4&#8243; _module_preset=&#8221;default&#8221; global_colors_info=&#8221;{}&#8221;][et_pb_heading title=&#8221;KIM JESTEM&#8221; _builder_version=&#8221;4.27.4&#8243; _module_preset=&#8221;default&#8221; title_font=&#8221;Abel|700|||||||&#8221; title_font_size=&#8221;32px&#8221; global_colors_info=&#8221;{}&#8221;][\/et_pb_heading][et_pb_text _builder_version=&#8221;4.27.4&#8243; _module_preset=&#8221;default&#8221; text_font_size=&#8221;16px&#8221; global_colors_info=&#8221;{}&#8221;]<\/p>\n<p>Jestem Dariusz Baraniewicz \u2013 full-stack developer z 15-letnim do\u015bwiadczeniem<br \/>w tworzeniu rozwi\u0105za\u0144 od prototypu do produkcji. Specjalizuj\u0119 si\u0119 w PHP oraz Flutter, ale moj\u0105 unikaln\u0105 przewag\u0105 jest zrozumienie elektroniki i hardware \u2013 potrafi\u0119 \u0142\u0105czy\u0107 software z urz\u0105dzeniami fizycznymi.<\/p>\n<p>Przez lata \u015bwiadomie budowa\u0142em wszechstronne kompetencje pracuj\u0105c projektowo<br \/>dla mi\u0119dzynarodowych firm (Knapp\/Austria, HLDisplay), system\u00f3w B2B (retail,<br \/>nieruchomo\u015bci), po w\u0142asn\u0105 dzia\u0142alno\u015b\u0107 (Quanta Morph od 2023). Ta r\u00f3\u017cnorodno\u015b\u0107<br \/>nauczy\u0142a mnie szybko wchodzi\u0107 w nowe domeny biznesowe i samodzielnie<br \/>dostarcza\u0107 kompletne rozwi\u0105zania. Poszukuj\u0119 d\u0142ugoterminowej wsp\u00f3\u0142pracy,<br \/>gdzie mog\u0119 wykorzysta\u0107 to do\u015bwiadczenie w stabilnym \u015brodowisku.<\/p>\n<p>[\/et_pb_text][\/et_pb_column][et_pb_column type=&#8221;2_5&#8243; _builder_version=&#8221;4.27.4&#8243; _module_preset=&#8221;default&#8221; global_colors_info=&#8221;{}&#8221;][et_pb_text _builder_version=&#8221;4.27.4&#8243; _module_preset=&#8221;default&#8221; global_colors_info=&#8221;{}&#8221;]<\/p>\n<p>&#x1f4e7; Email: baraniewicz.dev@gmail.com<br \/>&#x1f4f1; Telefon:\u00a0<br \/>&#x1f4bc; <a href=\"https:\/\/www.linkedin.com\/in\/dariuszbar\">LinkedIn<\/a><br \/>&#x1f517; <a href=\"https:\/\/github.com\/DBaraniewicz\">GitHub \u00a0 \u00a0 \u00a0 \u00a0 \u00a0 \u00a0 \u00a0 \u00a0 \u00a0 \u00a0 \u00a0 \u00a0 \u00a0 \u00a0 \u00a0 \u00a0 \u00a0 \u00a0 \u00a0 \u00a0 \u00a0 \u00a0 \u00a0 \u00a0 \u00a0 \u00a0 \u00a0 \u00a0 \u00a0 \u00a0 \u00a0 \u00a0 \u00a0 \u00a0 \u00a0 \u00a0 \u00a0 \u00a0 \u00a0 \u00a0 \u00a0 \u00a0 \u00a0<\/a>&#x1f4c4; Pobierz CV (button z linkiem do PDF) &#8211; wkr\u00f3tce<\/p>\n<p>[\/et_pb_text][et_pb_text _builder_version=&#8221;4.27.4&#8243; _module_preset=&#8221;default&#8221; locked=&#8221;off&#8221; global_colors_info=&#8221;{}&#8221;][\/et_pb_text][et_pb_text _builder_version=&#8221;4.27.4&#8243; _module_preset=&#8221;default&#8221; text_font_size=&#8221;16px&#8221; global_colors_info=&#8221;{}&#8221;]<\/p>\n<p>&#x1f4cd; Gliwice, Polska<br \/>&#x1f4bc; 15+ lat do\u015bwiadczenia<br \/>&#x1f393; Mgr in\u017c. Politechnika \u015al\u0105ska<br \/>&#x1f30d; Otwarty na relokacj\u0119<\/p>\n<p>[\/et_pb_text][\/et_pb_column][\/et_pb_row][\/et_pb_section][et_pb_section fb_built=&#8221;1&#8243; _builder_version=&#8221;4.27.4&#8243; _module_preset=&#8221;default&#8221; background_color=&#8221;#2C3E50&#8243; custom_padding=&#8221;||27px|||&#8221; global_colors_info=&#8221;{}&#8221;][et_pb_row _builder_version=&#8221;4.27.4&#8243; _module_preset=&#8221;default&#8221; global_colors_info=&#8221;{}&#8221;][et_pb_column type=&#8221;4_4&#8243; _builder_version=&#8221;4.27.4&#8243; _module_preset=&#8221;default&#8221; global_colors_info=&#8221;{}&#8221;][et_pb_heading title=&#8221; UNIQUE VALUE&#8221; _builder_version=&#8221;4.27.4&#8243; _module_preset=&#8221;default&#8221; title_font=&#8221;Abel|700|||||||&#8221; title_text_align=&#8221;center&#8221; title_text_color=&#8221;#E91E8C&#8221; title_font_size=&#8221;33px&#8221; global_colors_info=&#8221;{}&#8221;][\/et_pb_heading][et_pb_text _builder_version=&#8221;4.27.4&#8243; _module_preset=&#8221;default&#8221; text_text_color=&#8221;#FFFFFF&#8221; text_font_size=&#8221;20px&#8221; text_line_height=&#8221;1.8em&#8221; global_colors_info=&#8221;{}&#8221;]<\/p>\n<p style=\"text-align: center;\">Nie jestem typowym &#8222;software house developer&#8221; &#8211; r\u00f3wnie komfortowo czuj\u0119 si\u0119 <br \/>w pracy bezpo\u015brednio z klientem ko\u0144cowym, koordynuj\u0105c zewn\u0119trzne zespo\u0142y, <br \/>jak i jako hands-on developer.<\/p>\n<p>[\/et_pb_text][\/et_pb_column][\/et_pb_row][et_pb_row column_structure=&#8221;1_3,1_3,1_3&#8243; _builder_version=&#8221;4.27.4&#8243; _module_preset=&#8221;default&#8221; global_colors_info=&#8221;{}&#8221;][et_pb_column type=&#8221;1_3&#8243; _builder_version=&#8221;4.27.4&#8243; _module_preset=&#8221;default&#8221; background_color=&#8221;RGBA(255,255,255,0)&#8221; custom_padding=&#8221;10px|10px|10px|10px|false|false&#8221; box_shadow_style=&#8221;preset3&#8243; global_colors_info=&#8221;{}&#8221;][et_pb_heading title=&#8221;Hardware + Software&#8221; _builder_version=&#8221;4.27.4&#8243; _module_preset=&#8221;default&#8221; title_font=&#8221;Abel||||||||&#8221; title_text_align=&#8221;center&#8221; title_text_color=&#8221;#E91E8C&#8221; global_colors_info=&#8221;{}&#8221;][\/et_pb_heading][et_pb_text _builder_version=&#8221;4.27.4&#8243; _module_preset=&#8221;default&#8221; text_text_color=&#8221;#FFFFFF&#8221; text_font_size=&#8221;16px&#8221; text_orientation=&#8221;justified&#8221; global_colors_info=&#8221;{}&#8221;]<\/p>\n<p>Unikalnie \u0142\u0105cz\u0119 programowanie backend, z aplikacjami na androida. U\u017cywam Laravel a w przysz\u0142osci r\u00f3wnie\u017c CodeIgniter.<\/p>\n<p>Poza PHP i Flutter w swojej karierze tworzy\u0142em rozwi\u0105zania w Pythonie (w tym w DJANGO), JS, a nawet naprawia\u0142em sprz\u0119t elektroniczny. Lutownica mi nie straszna.<\/p>\n<p>&nbsp;<\/p>\n<p>[\/et_pb_text][\/et_pb_column][et_pb_column type=&#8221;1_3&#8243; _builder_version=&#8221;4.27.4&#8243; _module_preset=&#8221;default&#8221; custom_padding=&#8221;10px|10px|10px|10px|false|false&#8221; box_shadow_style=&#8221;preset3&#8243; global_colors_info=&#8221;{}&#8221;][et_pb_heading title=&#8221;T-Shaped Professional&#8221; _builder_version=&#8221;4.27.4&#8243; _module_preset=&#8221;default&#8221; title_font=&#8221;Abel||||||||&#8221; title_text_align=&#8221;center&#8221; title_text_color=&#8221;#E91E8C&#8221; global_colors_info=&#8221;{}&#8221;][\/et_pb_heading][et_pb_text _builder_version=&#8221;4.27.4&#8243; _module_preset=&#8221;default&#8221; text_text_color=&#8221;#FFFFFF&#8221; text_font_size=&#8221;16px&#8221; text_orientation=&#8221;justified&#8221; global_colors_info=&#8221;{}&#8221;]<\/p>\n<p>G\u0142\u0119boka specjalizacja (PHP, Flutter) + szeroka wiedza.<\/p>\n<p>(Python, Bash, Linux, elektronika, Grafika 3D, technologia VR i o wiele wi\u0119cej)<\/p>\n<p>Badania MIT i Stanford pokazuj\u0105, \u017ce taki profil w erze AI ma lepsz\u0105 adaptacj\u0119 do nowych technologii.<\/p>\n<p>&nbsp;<\/p>\n<p>[\/et_pb_text][\/et_pb_column][et_pb_column type=&#8221;1_3&#8243; _builder_version=&#8221;4.27.4&#8243; _module_preset=&#8221;default&#8221; custom_padding=&#8221;10px|10px|10px|10px|false|false&#8221; box_shadow_style=&#8221;preset3&#8243; global_colors_info=&#8221;{}&#8221;][et_pb_heading title=&#8221;Problem Solver&#8221; _builder_version=&#8221;4.27.4&#8243; _module_preset=&#8221;default&#8221; title_font=&#8221;Abel||||||||&#8221; title_text_align=&#8221;center&#8221; title_text_color=&#8221;#E91E8C&#8221; global_colors_info=&#8221;{}&#8221;][\/et_pb_heading][et_pb_text _builder_version=&#8221;4.27.4&#8243; _module_preset=&#8221;default&#8221; text_text_color=&#8221;#FFFFFF&#8221; text_font_size=&#8221;16px&#8221; text_orientation=&#8221;justified&#8221; global_colors_info=&#8221;{}&#8221;]<\/p>\n<p>W ZZN napisa\u0142em skrypty Bash automatyzuj\u0105ce SAP HANA \u2013 zadanie, kt\u00f3rego nikt inny w zespole nie potrafi\u0142 zrealizowa\u0107. <br \/>Rozwi\u0105zuj\u0119 problemy, przed kt\u00f3rymi inni uciekaj\u0105.<\/p>\n<p>Du\u017ca cz\u0119\u015b\u0107 mojej kariery to rozwi\u0105zywanie problem\u00f3w i naprawianie po innych.<\/p>\n<p>&nbsp;<\/p>\n<p>[\/et_pb_text][\/et_pb_column][\/et_pb_row][\/et_pb_section][et_pb_section fb_built=&#8221;1&#8243; _builder_version=&#8221;4.27.4&#8243; _module_preset=&#8221;default&#8221; background_color=&#8221;#F8F9FA&#8221; custom_padding=&#8221;35px|||||&#8221; global_colors_info=&#8221;{}&#8221;][et_pb_row _builder_version=&#8221;4.27.4&#8243; _module_preset=&#8221;default&#8221; global_colors_info=&#8221;{}&#8221;][et_pb_column type=&#8221;4_4&#8243; _builder_version=&#8221;4.27.4&#8243; _module_preset=&#8221;default&#8221; global_colors_info=&#8221;{}&#8221;][et_pb_heading title=&#8221;WYBRANE PROJEKTY&#8221; _builder_version=&#8221;4.27.4&#8243; _module_preset=&#8221;default&#8221; title_font=&#8221;Abel|700|||||||&#8221; title_text_color=&#8221;#2C3E50&#8243; title_font_size=&#8221;33px&#8221; background_color=&#8221;#F8F9FA&#8221; global_colors_info=&#8221;{}&#8221;][\/et_pb_heading][\/et_pb_column][\/et_pb_row][et_pb_row column_structure=&#8221;3_5,2_5&#8243; _builder_version=&#8221;4.27.4&#8243; _module_preset=&#8221;default&#8221; box_shadow_style=&#8221;preset3&#8243; box_shadow_vertical=&#8221;8px&#8221; box_shadow_blur=&#8221;14px&#8221; box_shadow_spread=&#8221;-16px&#8221; collapsed=&#8221;on&#8221; global_colors_info=&#8221;{}&#8221;][et_pb_column type=&#8221;3_5&#8243; _builder_version=&#8221;4.27.4&#8243; _module_preset=&#8221;default&#8221; global_colors_info=&#8221;{}&#8221;][et_pb_heading title=&#8221;PROJEKT 1: K2Online&#8221; _builder_version=&#8221;4.27.4&#8243; _module_preset=&#8221;default&#8221; title_level=&#8221;h2&#8243; title_font=&#8221;Abel||||||||&#8221; global_colors_info=&#8221;{}&#8221;][\/et_pb_heading][et_pb_text _builder_version=&#8221;4.27.4&#8243; _module_preset=&#8221;default&#8221; global_colors_info=&#8221;{}&#8221;]<\/p>\n<p>System webPOS + Aplikacja Flutter<br \/>2022-2025 | PHP , Flutter, MySQL<\/p>\n<p>Rozw\u00f3j systemu Point of Sale dla sieci 15+ sklep\u00f3w retail. Aplikacja <br \/>mobilna Flutter do zarz\u0105dzania kolejkami kasowymi z integracj\u0105 real-time. <br \/>System obs\u0142uguj\u0105cy dziesi\u0105tki tysi\u0119cy transakcji dziennie.<\/p>\n<p>Rezultat: Skr\u00f3cenie czasu obs\u0142ugi klienta o ~30%<\/p>\n<p>[\/et_pb_text][\/et_pb_column][et_pb_column type=&#8221;2_5&#8243; _builder_version=&#8221;4.27.4&#8243; _module_preset=&#8221;default&#8221; global_colors_info=&#8221;{}&#8221;][\/et_pb_column][\/et_pb_row][et_pb_row column_structure=&#8221;3_5,2_5&#8243; _builder_version=&#8221;4.27.4&#8243; _module_preset=&#8221;default&#8221; box_shadow_style=&#8221;preset3&#8243; box_shadow_blur=&#8221;10px&#8221; box_shadow_spread=&#8221;-16px&#8221; collapsed=&#8221;on&#8221; global_colors_info=&#8221;{}&#8221;][et_pb_column type=&#8221;3_5&#8243; _builder_version=&#8221;4.27.4&#8243; _module_preset=&#8221;default&#8221; global_colors_info=&#8221;{}&#8221;][et_pb_heading title=&#8221;PROJEKT 2: City Service Polska&#8221; _builder_version=&#8221;4.27.4&#8243; _module_preset=&#8221;default&#8221; title_level=&#8221;h2&#8243; title_font=&#8221;Abel||||||||&#8221; global_colors_info=&#8221;{}&#8221;][\/et_pb_heading][et_pb_text _builder_version=&#8221;4.27.4&#8243; _module_preset=&#8221;default&#8221; global_colors_info=&#8221;{}&#8221;]<\/p>\n<p>Dashboard Analityczny, System CRM oraz Automatyzacja zarz\u0105dzania przestrzeni\u0105 dyskow\u0105 SAP HANA<br \/>2020-2021 | PHP, Python, Bash, T-SQL<\/p>\n<p>Stworzy\u0142em 60% architektury systemu CRM <br \/>w ekspresowym czasie. Napisa\u0142em skrypty Bash automatyzuj\u0105ce maintenance SAP HANA &#8211; zadanie, kt\u00f3rego nikt inny nie potrafi\u0142.<br \/>Wsp\u00f3\u0142tworzy\u0142em system analityki dla zarz\u0105du.<\/p>\n<p>Rezultat: Redukcja czasu raport\u00f3w o 70%, pe\u0142na automatyzacja SAP<\/p>\n<p>[\/et_pb_text][\/et_pb_column][et_pb_column type=&#8221;2_5&#8243; _builder_version=&#8221;4.27.4&#8243; _module_preset=&#8221;default&#8221; global_colors_info=&#8221;{}&#8221;][\/et_pb_column][\/et_pb_row][et_pb_row column_structure=&#8221;3_5,2_5&#8243; _builder_version=&#8221;4.27.4&#8243; _module_preset=&#8221;default&#8221; collapsed=&#8221;on&#8221; global_colors_info=&#8221;{}&#8221;][et_pb_column type=&#8221;3_5&#8243; _builder_version=&#8221;4.27.4&#8243; _module_preset=&#8221;default&#8221; global_colors_info=&#8221;{}&#8221;][et_pb_heading title=&#8221;PROJEKT 3: Knapp (Austria)&#8221; _builder_version=&#8221;4.27.4&#8243; _module_preset=&#8221;default&#8221; title_level=&#8221;h2&#8243; title_font=&#8221;Abel||||||||&#8221; global_colors_info=&#8221;{}&#8221;][\/et_pb_heading][et_pb_text _builder_version=&#8221;4.27.4&#8243; _module_preset=&#8221;default&#8221; global_colors_info=&#8221;{}&#8221;]<\/p>\n<p>Magazyny Automatyczne | Projekt Adidas<br \/>2017-2018 | Python, Linux, PL\/SQL, Oracle<\/p>\n<p>Wdra\u017canie systemu SRC dla w pe\u0142ni zautomatyzowanych magazyn\u00f3w wysokiego <br \/>sk\u0142adowania. Praca mi\u0119dzynarodowa (Graz, Austria), programowanie warstwy <br \/>mi\u0119dzy PLC a WCS.<\/p>\n<p>Rezultat: Udane wdro\u017cenie magazynu Adidas<\/p>\n<p>[\/et_pb_text][\/et_pb_column][et_pb_column type=&#8221;2_5&#8243; _builder_version=&#8221;4.27.4&#8243; _module_preset=&#8221;default&#8221; global_colors_info=&#8221;{}&#8221;][\/et_pb_column][\/et_pb_row][et_pb_row column_structure=&#8221;3_5,2_5&#8243; _builder_version=&#8221;4.27.4&#8243; _module_preset=&#8221;default&#8221; collapsed=&#8221;on&#8221; global_colors_info=&#8221;{}&#8221;][et_pb_column type=&#8221;3_5&#8243; _builder_version=&#8221;4.27.4&#8243; _module_preset=&#8221;default&#8221; global_colors_info=&#8221;{}&#8221;][et_pb_heading title=&#8221;PROJEKT 4: Wirtualna Szafa (StartUp)&#8221; _builder_version=&#8221;4.27.4&#8243; _module_preset=&#8221;default&#8221; title_level=&#8221;h2&#8243; title_font=&#8221;Abel||||||||&#8221; global_colors_info=&#8221;{}&#8221;][\/et_pb_heading][et_pb_text _builder_version=&#8221;4.27.4&#8243; _module_preset=&#8221;default&#8221; global_colors_info=&#8221;{}&#8221;]<\/p>\n<p>iStartUp technologiczny<br \/>2010-2011 | VR, AR, C#, Deplhi, PHP, ActionScript<\/p>\n<p>Koordynator innowacyjnego projektu pod robocza nazw\u0105 &#8222;Wirtualna Szafa&#8221; kt\u00f3ry \u0142\u0105czy\u0142 w sobie rozwi\u0105zania hardware i software.\u00a0<br \/>Projekt mia\u0142 na celu stworzenie technologii digitalizacji o\u017cywionych obiekt\u00f3w 3D w czasie rzeczywistym ( rial-time scanning )\u00a0<\/p>\n<p>&nbsp;<\/p>\n<p>[\/et_pb_text][\/et_pb_column][et_pb_column type=&#8221;2_5&#8243; _builder_version=&#8221;4.27.4&#8243; _module_preset=&#8221;default&#8221; global_colors_info=&#8221;{}&#8221;][\/et_pb_column][\/et_pb_row][\/et_pb_section][et_pb_section fb_built=&#8221;1&#8243; specialty=&#8221;on&#8221; _builder_version=&#8221;4.27.4&#8243; _module_preset=&#8221;default&#8221; global_colors_info=&#8221;{}&#8221;][et_pb_column type=&#8221;1_4&#8243; _builder_version=&#8221;4.16&#8243; custom_padding=&#8221;|||&#8221; global_colors_info=&#8221;{}&#8221; custom_padding__hover=&#8221;|||&#8221;][et_pb_text _builder_version=&#8221;4.27.4&#8243; _module_preset=&#8221;default&#8221; text_font_size=&#8221;15px&#8221; header_3_font=&#8221;Abel|700|||||||&#8221; header_3_text_color=&#8221;#1B3A57&#8243; global_colors_info=&#8221;{}&#8221;]<\/p>\n<h3>STACK TECHNOLOGICZNY<\/h3>\n<ul>\n<li>PHP (Laravel, CodeIgniter) &#8211; Expert<\/li>\n<li>Python (Django, Flask) \u2013 med<\/li>\n<li>SQL (MySQL, PostgreSQL, Oracle) \u2013 med<\/li>\n<li>REST API<\/li>\n<li>Flutter\/Dart \u2013 Advanced<\/li>\n<li>Produkcyjne aplikacje retail<\/li>\n<li>State management<\/li>\n<li>Offline-first patterns<\/li>\n<li>Linux (Ubuntu, CentOS) \u2013 Advanced<\/li>\n<li>Bash scripting, automation<\/li>\n<li>Git<\/li>\n<\/ul>\n<p>[\/et_pb_text][\/et_pb_column][et_pb_column type=&#8221;1_4&#8243; _builder_version=&#8221;4.16&#8243; custom_padding=&#8221;|||&#8221; global_colors_info=&#8221;{}&#8221; custom_padding__hover=&#8221;|||&#8221;][et_pb_cta title=&#8221;Zle\u0107 mi projekt lub zatrudnij&#8221; button_text=&#8221;Klikni\u0119cia&#8221; _builder_version=&#8221;4.27.4&#8243; _module_preset=&#8221;default&#8221; header_font=&#8221;Abel|700|||||||&#8221; header_line_height=&#8221;1.6em&#8221; background_color=&#8221;#E91E8C&#8221; global_colors_info=&#8221;{}&#8221;]<\/p>\n<p>Jestem gotowy na wyzwania.\u00a0<\/p>\n<p>Potrzebujesz na sta\u0142e solidnego partnera?<\/p>\n<p>Potrzebujesz wykonania projektu programistycznego?<\/p>\n<p>Potrzebujesz lidera, kt\u00f3ry zarz\u0105dzi twoim zespo\u0142em developer\u00f3w?<\/p>\n<p>Jestem by Ci pom\u00f3c<\/p>\n<p>[\/et_pb_cta][\/et_pb_column][et_pb_column type=&#8221;1_2&#8243; specialty_columns=&#8221;2&#8243; _builder_version=&#8221;4.16&#8243; custom_padding=&#8221;|||&#8221; global_colors_info=&#8221;{}&#8221; custom_padding__hover=&#8221;|||&#8221;][et_pb_row_inner _builder_version=&#8221;4.27.4&#8243; _module_preset=&#8221;default&#8221; global_colors_info=&#8221;{}&#8221;][et_pb_column_inner saved_specialty_column_type=&#8221;1_2&#8243; _builder_version=&#8221;4.27.4&#8243; _module_preset=&#8221;default&#8221; global_colors_info=&#8221;{}&#8221;][et_pb_text _builder_version=&#8221;4.27.4&#8243; _module_preset=&#8221;default&#8221; text_font_size=&#8221;16px&#8221; global_colors_info=&#8221;{}&#8221;]<\/p>\n<p>Szukam d\u0142ugoterminowej wsp\u00f3\u0142pracy w stabilnym zespole.<\/p>\n<p>Je\u015bli potrzebujesz developera, kt\u00f3ry nie tylko pisze kod, ale rozwi\u0105zuje problemy biznesowe oraz \u0142\u0105czy \u015bwiat software z hardware &#8211; skontaktuj si\u0119 ze mn\u0105.<\/p>\n<p>[\/et_pb_text][\/et_pb_column_inner][\/et_pb_row_inner][et_pb_row_inner _builder_version=&#8221;4.27.4&#8243; _module_preset=&#8221;default&#8221; global_colors_info=&#8221;{}&#8221;][et_pb_column_inner saved_specialty_column_type=&#8221;1_2&#8243; _builder_version=&#8221;4.27.4&#8243; _module_preset=&#8221;default&#8221; global_colors_info=&#8221;{}&#8221;][et_pb_image src=&#8221;http:\/\/baraniewicz.dev\/wp-content\/uploads\/2025\/10\/picture-e1764109337344.png&#8221; title_text=&#8221;picture&#8221; _builder_version=&#8221;4.27.4&#8243; _module_preset=&#8221;default&#8221; global_colors_info=&#8221;{}&#8221;][\/et_pb_image][\/et_pb_column_inner][\/et_pb_row_inner][\/et_pb_column][\/et_pb_section]<\/p>\n","protected":false},"excerpt":{"rendered":"<p>Full-Stack DeveloperPHP + Flutter + Hardware Integration 15 lat do\u015bwiadczenia. Buduj\u0119 rozwi\u0105zania od backendu przez mobile po integracje z hardware.Pracowa\u0142em dla Knapp\/Austria, HLDisplay, w grupie city-service,\u00a0 system\u00f3w retail i magazynowych.Obecnie szukam d\u0142ugoterminowej wsp\u00f3\u0142pracy w stabilnym zespole oraz wykonuj\u0119 zlecenia z zakresu moich us\u0142ug. &nbsp;Jestem Dariusz Baraniewicz \u2013 full-stack developer z 15-letnim do\u015bwiadczeniemw tworzeniu rozwi\u0105za\u0144 od [&hellip;]<\/p>\n","protected":false},"author":1,"featured_media":0,"parent":0,"menu_order":0,"comment_status":"closed","ping_status":"closed","template":"","meta":{"_et_pb_use_builder":"on","_et_pb_old_content":"","_et_gb_content_width":"","footnotes":""},"class_list":["post-7","page","type-page","status-publish","hentry"],"_links":{"self":[{"href":"https:\/\/baraniewicz.dev\/index.php\/wp-json\/wp\/v2\/pages\/7","targetHints":{"allow":["GET"]}}],"collection":[{"href":"https:\/\/baraniewicz.dev\/index.php\/wp-json\/wp\/v2\/pages"}],"about":[{"href":"https:\/\/baraniewicz.dev\/index.php\/wp-json\/wp\/v2\/types\/page"}],"author":[{"embeddable":true,"href":"https:\/\/baraniewicz.dev\/index.php\/wp-json\/wp\/v2\/users\/1"}],"replies":[{"embeddable":true,"href":"https:\/\/baraniewicz.dev\/index.php\/wp-json\/wp\/v2\/comments?post=7"}],"version-history":[{"count":25,"href":"https:\/\/baraniewicz.dev\/index.php\/wp-json\/wp\/v2\/pages\/7\/revisions"}],"predecessor-version":[{"id":71,"href":"https:\/\/baraniewicz.dev\/index.php\/wp-json\/wp\/v2\/pages\/7\/revisions\/71"}],"wp:attachment":[{"href":"https:\/\/baraniewicz.dev\/index.php\/wp-json\/wp\/v2\/media?parent=7"}],"curies":[{"name":"wp","href":"https:\/\/api.w.org\/{rel}","templated":true}]}}